{"id":3273,"date":"2022-07-05T11:46:10","date_gmt":"2022-07-05T11:46:10","guid":{"rendered":"https:\/\/bdeshguatemala.org\/contact\/"},"modified":"2026-03-05T19:01:54","modified_gmt":"2026-03-05T19:01:54","slug":"contacto","status":"publish","type":"page","link":"https:\/\/bdeshguatemala.org\/es\/contacto\/","title":{"rendered":"Contacto"},"content":{"rendered":"\n<div class=\"wp-block-stackable-columns alignfull stk-block-columns stk-block stk-66f4e77 stk-block-background stk--has-background-overlay\" data-block-id=\"66f4e77\"><style>.stk-66f4e77 {background-color:#000000 !important;background-image:url(https:\/\/bdeshguatemala.org\/wp-content\/uploads\/2026\/02\/WhatsApp-Image-2026-02-06-at-10.19.09-AM.jpeg) !important;padding-top:300px !important;padding-bottom:180px !important;margin-bottom:0px !important;}.stk-66f4e77:before{background-color:#000000 !important;opacity:0.5 !important;}@media screen and (max-width:999px){.stk-66f4e77 {padding-top:200px !important;padding-bottom:130px !important;}}<\/style><div class=\"stk-row stk-inner-blocks stk-block-content stk-content-align stk-66f4e77-column alignfull\">\n<div class=\"wp-block-stackable-column stk-block-column stk-column stk-block stk-65fedde\" data-v=\"4\" data-block-id=\"65fedde\"><style>.stk-65fedde-container{margin-top:0px !important;margin-right:0px !important;margin-bottom:0px !important;margin-left:0px !important;}<\/style><div class=\"stk-column-wrapper stk-block-column__content stk-container stk-65fedde-container stk--no-background stk--no-padding\"><div class=\"has-text-align-center stk-block-content stk-inner-blocks stk-65fedde-inner-blocks\">\n<div class=\"wp-block-stackable-heading stk-block-heading stk-block-heading--v2 stk-block stk-cace0c4\" id=\"contacta-con-bdesh-guatemala\" data-block-id=\"cace0c4\"><style>.stk-cace0c4 {margin-top:20px !important;}.stk-cace0c4 .stk-block-heading__text{font-size:90px !important;color:var(--theme-palette-color-8, #ffffff) !important;}@media screen and (max-width:999px){.stk-cace0c4 .stk-block-heading__text{font-size:50px !important;}}<\/style><h2 class=\"stk-block-heading__text has-text-color has-text-align-center-mobile\">contacta con bdesh guatemala<\/h2><\/div>\n<\/div><\/div><\/div>\n<\/div><\/div>\n\n\n\n<div class=\"wp-block-stackable-columns alignfull stk-block-columns stk-block stk-3b48d06 stk-block-background\" data-block-id=\"3b48d06\"><style>.stk-3b48d06 {background-color:var(--theme-palette-color-6, #F2F7F6) !important;padding-top:100px !important;padding-bottom:100px !important;margin-bottom:0px !important;}.stk-3b48d06:before{background-color:var(--theme-palette-color-6, #F2F7F6) !important;}@media screen and (max-width:999px){.stk-3b48d06 {padding-top:70px !important;padding-bottom:70px !important;}}<\/style><div class=\"stk-row stk-inner-blocks has-text-align-center stk-block-content stk-content-align stk-3b48d06-column\">\n<div class=\"wp-block-stackable-column stk-block-column stk-column stk-block stk-f75c3b7\" data-v=\"4\" data-block-id=\"f75c3b7\"><style>.stk-f75c3b7-container{margin-top:0px !important;margin-right:0px !important;margin-bottom:0px !important;margin-left:0px !important;}<\/style><div class=\"stk-column-wrapper stk-block-column__content stk-container stk-f75c3b7-container stk--no-background stk--no-padding\"><div class=\"stk-block-content stk-inner-blocks stk-f75c3b7-inner-blocks\">\n<div class=\"wp-block-stackable-columns stk-block-columns stk-block stk-b0407d9\" data-block-id=\"b0407d9\"><style>.stk-b0407d9-column{--stk-column-gap:30px !important;row-gap:30px !important;}<\/style><div class=\"stk-row stk-inner-blocks stk-block-content stk-content-align stk-b0407d9-column\">\n<div class=\"wp-block-stackable-column stk-block-column stk-column stk-block stk-89f8f74\" data-v=\"4\" data-block-id=\"89f8f74\"><style>.stk-89f8f74-container{margin-top:0px !important;margin-right:0px !important;margin-bottom:0px !important;margin-left:0px !important;background-color:var(--theme-palette-color-8, #ffffff) !important;box-shadow:none !important;padding-top:85px !important;padding-right:55px !important;padding-bottom:85px !important;padding-left:55px !important;}.stk-89f8f74-container:hover{background-color:var(--theme-palette-color-1, #418043) !important;}.stk-89f8f74-container:before{background-color:var(--theme-palette-color-8, #ffffff) !important;}.stk-89f8f74-container:hover:before{background-color:var(--theme-palette-color-1, #418043) !important;}@media screen and (min-width:690px) and (max-width:999px){.stk-89f8f74 {flex:var(--stk-flex-grow, 1) 1 calc(33.33% - var(--stk-column-gap, 0px) * 2 \/ 3 ) !important;}}@media screen and (max-width:999px){.stk-89f8f74-container{padding-top:60px !important;padding-right:35px !important;padding-bottom:60px !important;padding-left:35px !important;}}<\/style><div class=\"stk-column-wrapper stk-block-column__content stk-container stk-89f8f74-container stk-hover-parent\"><div class=\"stk-block-content stk-inner-blocks stk-89f8f74-inner-blocks\">\n<div class=\"wp-block-stackable-icon stk-block-icon has-text-align-center stk-block stk-877eacf\" data-block-id=\"877eacf\"><style>.stk-877eacf {margin-bottom:40px !important;}.stk-877eacf .stk--svg-wrapper .stk--inner-svg svg:last-child{height:60px !important;width:60px !important;}.stk-877eacf .stk--svg-wrapper .stk--inner-svg svg:last-child, .stk-877eacf .stk--svg-wrapper .stk--inner-svg svg:last-child :is(g, path, rect, polygon, ellipse){fill:var(--theme-palette-color-1, #418043) !important;}:where(.stk-hover-parent:hover,  .stk-hover-parent.stk--is-hovered) .stk-877eacf .stk--svg-wrapper .stk--inner-svg svg:last-child,  :where(.stk-hover-parent:hover,  .stk-hover-parent.stk--is-hovered) .stk-877eacf .stk--svg-wrapper .stk--inner-svg svg:last-child :is(g, path, rect, polygon, ellipse){fill:var(--theme-palette-color-8, #ffffff) !important;}@media screen and (max-width:999px){.stk-877eacf .stk--svg-wrapper .stk--inner-svg svg:last-child{height:50px !important;width:50px !important;}}<\/style><span class=\"stk--svg-wrapper\"><div class=\"stk--inner-svg\"><svg style=\"height:0;width:0\"><defs><linearGradient id=\"linear-gradient-877eacf\" x1=\"0\" x2=\"100%\" y1=\"0\" y2=\"0\"><stop offset=\"0%\" style=\"stop-opacity:1;stop-color:var(--linear-gradient-877-eacf-color-1)\"><\/stop><stop offset=\"100%\" style=\"stop-opacity:1;stop-color:var(--linear-gradient-877-eacf-color-2)\"><\/stop><\/linearGradient><\/defs><\/svg><svg class=\"ugb-custom-icon\" xmlns=\"http:\/\/www.w3.org\/2000\/svg\" viewBox=\"0 0 60 60\" style=\"enable-background:new 0 0 60 60\" xml:space=\"preserve\" aria-hidden=\"true\" width=\"32\" height=\"32\"><path d=\"M30 0C17.4 0 7.1 10.3 7.1 22.9c0 10.2 14.1 28.4 20.1 35.8.2.2.3.4.5.5.6.5 1.4.8 2.3.8h.4c1-.1 1.8-.6 2.4-1.3 6.1-7.4 20.1-25.6 20.1-35.8C52.9 10.3 42.6 0 30 0zm.5 56.8c-.2.2-.3.2-.4.2-.1 0-.3 0-.4-.1l-.1-.1C25 51.2 10.1 32.4 10.1 22.9 10.1 11.9 19 3 30 3s19.9 8.9 19.9 19.9c0 9.5-14.9 28.3-19.4 33.9zM30 12.1c-5.3 0-9.6 4.4-9.5 9.7v.1c0 2.6 1.1 5 2.9 6.8 1.8 1.8 4.2 2.7 6.7 2.7h.1c2.6 0 5-1.1 6.8-2.9 1.8-1.9 2.8-4.3 2.7-6.9 0-2.6-1.1-5-2.9-6.8-1.8-1.8-4.2-2.7-6.8-2.7zm4.9 14.3c-1.2 1.3-2.9 2-4.7 2-1.8 0-3.5-.6-4.8-1.9-1.3-1.2-2-2.9-2-4.7v-.1c0-3.7 2.9-6.6 6.6-6.7 1.8 0 3.5.6 4.8 1.9 1.3 1.2 2 2.9 2 4.7 0 1.9-.7 3.5-1.9 4.8z\" style=\"fill:#2e6847\"\/><\/svg><\/div><\/span><\/div>\n\n\n\n<div class=\"wp-block-stackable-heading stk-block-heading stk-block-heading--v2 stk-block stk-05e2795\" id=\"direccion\" data-block-id=\"05e2795\"><style>.stk-05e2795 {margin-bottom:25px !important;}.stk-05e2795 .stk-block-heading__text{color:var(--theme-palette-color-1, #418043) !important;line-height:1.2em !important;}:where(.stk-hover-parent:hover,  .stk-hover-parent.stk--is-hovered) .stk-05e2795 .stk-block-heading__text{color:var(--theme-palette-color-8, #ffffff) !important;}<\/style><h5 class=\"stk-block-heading__text has-text-color has-text-align-center\">direcci\u00f3n<\/h5><\/div>\n\n\n\n<div class=\"wp-block-stackable-text stk-block-text stk-block stk-85851ff\" data-block-id=\"85851ff\"><style>.stk-85851ff {opacity:0.8 !important;}.stk-85851ff .stk-block-text__text{color:var(--theme-palette-color-1, #418043) !important;}:where(.stk-hover-parent:hover,  .stk-hover-parent.stk--is-hovered) .stk-85851ff .stk-block-text__text{color:var(--theme-palette-color-8, #ffffff) !important;}<\/style><p class=\"stk-block-text__text has-text-color has-text-align-center\">Palencia<\/p><\/div>\n<\/div><\/div><\/div>\n\n\n\n<div class=\"wp-block-stackable-column stk-block-column stk-column stk-block stk-1253c46\" data-v=\"4\" data-block-id=\"1253c46\"><style>.stk-1253c46-container{margin-top:0px !important;margin-right:0px !important;margin-bottom:0px !important;margin-left:0px !important;background-color:var(--theme-palette-color-8, #ffffff) !important;box-shadow:none !important;padding-top:85px !important;padding-right:55px !important;padding-bottom:85px !important;padding-left:55px !important;}.stk-1253c46-container:hover{background-color:var(--theme-palette-color-1, #418043) !important;}.stk-1253c46-container:before{background-color:var(--theme-palette-color-8, #ffffff) !important;}.stk-1253c46-container:hover:before{background-color:var(--theme-palette-color-1, #418043) !important;}@media screen and (min-width:690px) and (max-width:999px){.stk-1253c46 {flex:var(--stk-flex-grow, 1) 1 calc(33.333333333333336% - var(--stk-column-gap, 0px) * 2 \/ 3 ) !important;}}@media screen and (max-width:999px){.stk-1253c46-container{padding-top:60px !important;padding-right:35px !important;padding-bottom:60px !important;padding-left:35px !important;}}<\/style><div class=\"stk-column-wrapper stk-block-column__content stk-container stk-1253c46-container stk-hover-parent\"><div class=\"has-text-align-left stk-block-content stk-inner-blocks stk-1253c46-inner-blocks\">\n<div class=\"wp-block-stackable-icon stk-block-icon has-text-align-center stk-block stk-65a808a\" data-block-id=\"65a808a\"><style>.stk-65a808a {margin-bottom:40px !important;}.stk-65a808a .stk--svg-wrapper .stk--inner-svg svg:last-child{height:60px !important;width:60px !important;}.stk-65a808a .stk--svg-wrapper .stk--inner-svg svg:last-child, .stk-65a808a .stk--svg-wrapper .stk--inner-svg svg:last-child :is(g, path, rect, polygon, ellipse){fill:var(--theme-palette-color-1, #418043) !important;}:where(.stk-hover-parent:hover,  .stk-hover-parent.stk--is-hovered) .stk-65a808a .stk--svg-wrapper .stk--inner-svg svg:last-child,  :where(.stk-hover-parent:hover,  .stk-hover-parent.stk--is-hovered) .stk-65a808a .stk--svg-wrapper .stk--inner-svg svg:last-child :is(g, path, rect, polygon, ellipse){fill:var(--theme-palette-color-8, #ffffff) !important;}@media screen and (max-width:999px){.stk-65a808a .stk--svg-wrapper .stk--inner-svg svg:last-child{height:50px !important;width:50px !important;}}<\/style><span class=\"stk--svg-wrapper\"><div class=\"stk--inner-svg\"><svg style=\"height:0;width:0\"><defs><linearGradient id=\"linear-gradient-65a808a\" x1=\"0\" x2=\"100%\" y1=\"0\" y2=\"0\"><stop offset=\"0%\" style=\"stop-opacity:1;stop-color:var(--linear-gradient-65-a-808-a-color-1)\"><\/stop><stop offset=\"100%\" style=\"stop-opacity:1;stop-color:var(--linear-gradient-65-a-808-a-color-2)\"><\/stop><\/linearGradient><\/defs><\/svg><svg class=\"ugb-custom-icon\" xmlns=\"http:\/\/www.w3.org\/2000\/svg\" viewBox=\"0 0 60 60\" style=\"enable-background:new 0 0 60 60\" xml:space=\"preserve\" aria-hidden=\"true\" width=\"32\" height=\"32\"><path d=\"M51.4 7.7H8.6C3.9 7.7 0 11.6 0 16.3v27.3c0 4.8 3.9 8.6 8.6 8.6h42.7c4.8 0 8.6-3.9 8.6-8.6V16.3c.1-4.7-3.8-8.6-8.5-8.6zM8.6 10.8h42.7c3.1 0 5.6 2.5 5.6 5.6v.2L30 32.7l-26.9-16v-.3c0-3.1 2.5-5.6 5.5-5.6zm42.8 38.4H8.6c-3.1 0-5.6-2.5-5.6-5.6V20.2l26.1 15.6c.2.1.5.2.8.2.3 0 .5-.1.8-.2L57 20.1v23.5c0 3.1-2.6 5.6-5.6 5.6z\" style=\"fill:#6baa85\"\/><\/svg><\/div><\/span><\/div>\n\n\n\n<div class=\"wp-block-stackable-heading stk-block-heading stk-block-heading--v2 stk-block stk-e5bff09\" id=\"email-br\" data-block-id=\"e5bff09\"><style>.stk-e5bff09 {margin-bottom:25px !important;}.stk-e5bff09 .stk-block-heading__text{color:var(--theme-palette-color-1, #418043) !important;line-height:1.2em !important;}:where(.stk-hover-parent:hover,  .stk-hover-parent.stk--is-hovered) .stk-e5bff09 .stk-block-heading__text{color:var(--theme-palette-color-8, #ffffff) !important;}<\/style><h5 class=\"stk-block-heading__text has-text-color has-text-align-center\">Email<br><\/h5><\/div>\n\n\n\n<div class=\"wp-block-stackable-text stk-block-text stk-block stk-486d4bf\" data-block-id=\"486d4bf\"><style>.stk-486d4bf {opacity:0.8 !important;}.stk-486d4bf .stk-block-text__text{text-shadow:none !important;color:var(--theme-palette-color-1, #418043) !important;}:where(.stk-hover-parent:hover,  .stk-hover-parent.stk--is-hovered) .stk-486d4bf .stk-block-text__text{color:var(--theme-palette-color-8, #ffffff) !important;}<\/style><p class=\"stk-block-text__text has-text-color has-text-align-center\">bdeshguatemala@gmail.com<\/p><\/div>\n<\/div><\/div><\/div>\n\n\n\n<div class=\"wp-block-stackable-column stk-block-column stk-column stk-block stk-aef546f\" data-v=\"4\" data-block-id=\"aef546f\"><style>.stk-aef546f-container{margin-top:0px !important;margin-right:0px !important;margin-bottom:0px !important;margin-left:0px !important;background-color:var(--theme-palette-color-8, #ffffff) !important;box-shadow:none !important;padding-top:85px !important;padding-right:55px !important;padding-bottom:85px !important;padding-left:55px !important;}.stk-aef546f-container:hover{background-color:var(--theme-palette-color-1, #418043) !important;}.stk-aef546f-container:before{background-color:var(--theme-palette-color-8, #ffffff) !important;}.stk-aef546f-container:hover:before{background-color:var(--theme-palette-color-1, #418043) !important;}@media screen and (min-width:690px) and (max-width:999px){.stk-aef546f {flex:var(--stk-flex-grow, 1) 1 calc(33.333333333333336% - var(--stk-column-gap, 0px) * 2 \/ 3 ) !important;}}@media screen and (max-width:999px){.stk-aef546f-container{padding-top:60px !important;padding-right:35px !important;padding-bottom:60px !important;padding-left:35px !important;}}<\/style><div class=\"stk-column-wrapper stk-block-column__content stk-container stk-aef546f-container stk-hover-parent\"><div class=\"stk-block-content stk-inner-blocks stk-aef546f-inner-blocks\">\n<div class=\"wp-block-stackable-icon stk-block-icon has-text-align-center stk-block stk-ccf32bf\" data-block-id=\"ccf32bf\"><style>.stk-ccf32bf {margin-bottom:40px !important;}.stk-ccf32bf .stk--svg-wrapper .stk--inner-svg svg:last-child{height:60px !important;width:60px !important;}.stk-ccf32bf .stk--svg-wrapper .stk--inner-svg svg:last-child, .stk-ccf32bf .stk--svg-wrapper .stk--inner-svg svg:last-child :is(g, path, rect, polygon, ellipse){fill:var(--theme-palette-color-1, #418043) !important;}:where(.stk-hover-parent:hover,  .stk-hover-parent.stk--is-hovered) .stk-ccf32bf .stk--svg-wrapper .stk--inner-svg svg:last-child,  :where(.stk-hover-parent:hover,  .stk-hover-parent.stk--is-hovered) .stk-ccf32bf .stk--svg-wrapper .stk--inner-svg svg:last-child :is(g, path, rect, polygon, ellipse){fill:var(--theme-palette-color-8, #ffffff) !important;}@media screen and (max-width:999px){.stk-ccf32bf .stk--svg-wrapper .stk--inner-svg svg:last-child{height:50px !important;width:50px !important;}}<\/style><span class=\"stk--svg-wrapper\"><div class=\"stk--inner-svg\"><svg style=\"height:0;width:0\"><defs><linearGradient id=\"linear-gradient-ccf32bf\" x1=\"0\" x2=\"100%\" y1=\"0\" y2=\"0\"><stop offset=\"0%\" style=\"stop-opacity:1;stop-color:var(--linear-gradient-ccf-32-bf-color-1)\"><\/stop><stop offset=\"100%\" style=\"stop-opacity:1;stop-color:var(--linear-gradient-ccf-32-bf-color-2)\"><\/stop><\/linearGradient><\/defs><\/svg><svg class=\"ugb-custom-icon\" xmlns=\"http:\/\/www.w3.org\/2000\/svg\" viewBox=\"0 0 60 60\" style=\"enable-background:new 0 0 60 60\" xml:space=\"preserve\" aria-hidden=\"true\" width=\"32\" height=\"32\"><path d=\"M30 .5C13.7.5.5 13.7.5 30S13.7 59.5 30 59.5 59.5 46.3 59.5 30 46.3.5 30 .5zm0 56C15.4 56.5 3.5 44.6 3.5 30S15.4 3.5 30 3.5 56.5 15.4 56.5 30 44.6 56.5 30 56.5zm14.8-13.2c-.3.4-.8.6-1.2.6-.3 0-.6-.1-.9-.3l-14.6-10c-.4-.3-.6-.7-.6-1.2V11.9c0-.8.7-1.5 1.5-1.5s1.5.7 1.5 1.5v19.6l13.9 9.6c.7.5.9 1.5.4 2.2z\" style=\"fill:#2bb262\"\/><\/svg><\/div><\/span><\/div>\n\n\n\n<div class=\"wp-block-stackable-heading stk-block-heading stk-block-heading--v2 stk-block stk-9ae9937\" id=\"telefono\" data-block-id=\"9ae9937\"><style>.stk-9ae9937 {margin-bottom:25px !important;}.stk-9ae9937 .stk-block-heading__text{color:var(--theme-palette-color-1, #418043) !important;line-height:1.2em !important;}:where(.stk-hover-parent:hover,  .stk-hover-parent.stk--is-hovered) .stk-9ae9937 .stk-block-heading__text{color:var(--theme-palette-color-8, #ffffff) !important;}<\/style><h5 class=\"stk-block-heading__text has-text-color has-text-align-center\">tel\u00e9fono<\/h5><\/div>\n\n\n\n<div class=\"wp-block-stackable-text stk-block-text stk-block stk-477370c\" data-block-id=\"477370c\"><style>.stk-477370c {opacity:0.8 !important;}.stk-477370c .stk-block-text__text{color:var(--theme-palette-color-1, #418043) !important;}:where(.stk-hover-parent:hover,  .stk-hover-parent.stk--is-hovered) .stk-477370c .stk-block-text__text{color:var(--theme-palette-color-8, #ffffff) !important;}<\/style><p class=\"stk-block-text__text has-text-color has-text-align-center\">+502 4532 9130<\/p><\/div>\n<\/div><\/div><\/div>\n<\/div><\/div>\n<\/div><\/div><\/div>\n<\/div><\/div>\n\n\n\n<div class=\"wp-block-stackable-columns alignfull stk-block-columns stk-block stk-5177d1c stk-block-background\" data-block-id=\"5177d1c\"><style>.stk-5177d1c .stk--block-align-5177d1c{align-items:center !important;}.stk-5177d1c {background-color:var(--theme-palette-color-1, #418043) !important;padding-top:80px !important;padding-bottom:80px !important;margin-bottom:0px !important;}.stk-5177d1c:before{background-color:var(--theme-palette-color-1, #418043) !important;}.stk-5177d1c-column{row-gap:40px !important;}@media screen and (max-width:999px){.stk-5177d1c {padding-top:70px !important;padding-bottom:70px !important;}}<\/style><div class=\"stk-row stk-inner-blocks stk--block-align-5177d1c stk-block-content stk-content-align stk-5177d1c-column\">\n<div class=\"wp-block-stackable-column stk-block-column stk-column stk-block stk-a96685b\" data-v=\"4\" data-block-id=\"a96685b\"><style>.stk-a96685b-container{margin-top:0px !important;margin-right:0px !important;margin-bottom:0px !important;margin-left:0px !important;}@media screen and (min-width:690px){.stk-a96685b {flex:var(--stk-flex-grow, 1) 1 calc(12% - var(--stk-column-gap, 0px) * 2 \/ 3 ) !important;}}@media screen and (min-width:690px) and (max-width:999px){.stk-a96685b {flex:var(--stk-flex-grow, 1) 1 calc(15% - var(--stk-column-gap, 0px) * 2 \/ 3 ) !important;}}<\/style><div class=\"stk-column-wrapper stk-block-column__content stk-container stk-a96685b-container stk--no-background stk--no-padding\"><div class=\"stk-block-content stk-inner-blocks stk-a96685b-inner-blocks\">\n<div class=\"wp-block-stackable-icon stk-block-icon has-text-align-center-mobile stk-block stk-c12d90f\" data-block-id=\"c12d90f\"><style>.stk-c12d90f {opacity:0.5 !important;}.stk-c12d90f .stk--svg-wrapper .stk--inner-svg svg:last-child{height:90px !important;width:90px !important;}.stk-c12d90f .stk--svg-wrapper .stk--inner-svg svg:last-child, .stk-c12d90f .stk--svg-wrapper .stk--inner-svg svg:last-child :is(g, path, rect, polygon, ellipse){fill:var(--theme-palette-color-8, #ffffff) !important;}@media screen and (max-width:689px){.stk-c12d90f .stk--svg-wrapper .stk--inner-svg svg:last-child{height:60px !important;width:60px !important;}}<\/style><span class=\"stk--svg-wrapper\"><div class=\"stk--inner-svg\"><svg style=\"height:0;width:0\"><defs><linearGradient id=\"linear-gradient-c12d90f\" x1=\"0\" x2=\"100%\" y1=\"0\" y2=\"0\"><stop offset=\"0%\" style=\"stop-opacity:1;stop-color:var(--linear-gradient-c-12-d-90-f-color-1)\"><\/stop><stop offset=\"100%\" style=\"stop-opacity:1;stop-color:var(--linear-gradient-c-12-d-90-f-color-2)\"><\/stop><\/linearGradient><\/defs><\/svg><svg class=\"ugb-custom-icon\" xmlns=\"http:\/\/www.w3.org\/2000\/svg\" viewBox=\"0 0 80 80\" style=\"enable-background:new 0 0 80 80\" xml:space=\"preserve\" aria-hidden=\"true\" width=\"32\" height=\"32\"><path d=\"M39.4 80.1c-.7-.6-1.5-1.2-2.1-1.9-7.1-7.5-13.5-15.8-18.9-24.6-3.2-5-5.6-10.5-7.3-16.2C7.1 23.1 15 7.7 29 2.2c15.4-6.1 32.9 1.5 39 16.9.3.7.5 1.4.8 2.2 2 6.5 1.6 13.5-.9 19.9-2.7 6.9-6.3 13.4-10.7 19.4-4.6 6.5-9.6 12.7-15.1 18.4-.5.4-.9.8-1.4 1.1h-1.3zM21.6 12.8c-5.5 6-7.8 13.1-6.4 21.2 1 4.7 2.7 9.2 5.1 13.3C24.7 55.2 30 62.7 36 69.5c1.3 1.6 2.7 3.1 4.1 4.7l.5-.5c3.4-4.2 7-8.3 10.4-12.7 4.7-6 8.6-12.5 11.7-19.5 2.1-5.1 3.3-10.4 2.3-16.1C63 14.1 52.6 5 41 4.8h-.7c-7.1-.2-14 2.7-18.7 8zm1.7 23.9c-.7-.6-.9-1.6-.5-2.5.3-.9 1.1-1.5 2-1.5h2.8v-2.2c-.2-6 3.8-11.2 9.7-12.6.1 0 .2-.1.3-.1.4-1.9 1.2-2.8 2.6-2.7 1.3.1 2.1 1 2.2 2.7 3.2.7 6.1 2.6 7.9 5.3 2 2.9 2.3 6.1 2 9.6h2.8c1.2 0 2.2.9 2.3 2.1.2 1.2-.6 2.3-1.8 2.5-.3.1-.7.1-1 .1H25.2c-.7 0-1.4-.2-1.9-.7zm9.3-8.4c-.2 1.4-.3 2.9-.3 4.3h15.5v-3c-.2-3.8-3.1-6.9-6.8-7.3h-.8c-3.7-.1-6.9 2.5-7.6 6z\" style=\"enable-background:new\"\/><\/svg><\/div><\/span><\/div>\n<\/div><\/div><\/div>\n\n\n\n<div class=\"wp-block-stackable-column stk-block-column stk-column stk-block stk-b48d029\" data-v=\"4\" data-block-id=\"b48d029\"><style>.stk-b48d029-container{margin-top:0px !important;margin-right:0px !important;margin-bottom:0px !important;margin-left:0px !important;}@media screen and (min-width:690px){.stk-b48d029 {flex:var(--stk-flex-grow, 1) 1 calc(54.66666666666667% - var(--stk-column-gap, 0px) * 2 \/ 3 ) !important;}}@media screen and (min-width:690px) and (max-width:999px){.stk-b48d029 {flex:var(--stk-flex-grow, 1) 1 calc(55% - var(--stk-column-gap, 0px) * 2 \/ 3 ) !important;}}<\/style><div class=\"stk-column-wrapper stk-block-column__content stk-container stk-b48d029-container stk--no-background stk--no-padding\"><div class=\"stk-block-content stk-inner-blocks stk-b48d029-inner-blocks\">\n<div class=\"wp-block-stackable-heading stk-block-heading stk-block-heading--v2 stk-block stk-bbdb0d4\" id=\"ayuda-para-que-ayudemos\" data-block-id=\"bbdb0d4\"><style>.stk-bbdb0d4 {margin-bottom:0px !important;}.stk-bbdb0d4 .stk-block-heading__text{color:var(--theme-palette-color-8, #ffffff) !important;}<\/style><h3 class=\"stk-block-heading__text has-text-color has-text-align-center-mobile stk-block-heading--use-theme-margins\">ayuda para que ayudemos<\/h3><\/div>\n<\/div><\/div><\/div>\n\n\n\n<div class=\"wp-block-stackable-column stk-block-column stk-column stk-block stk-8745e08\" data-v=\"4\" data-block-id=\"8745e08\"><style>.stk-8745e08-container{margin-top:0px !important;margin-right:0px !important;margin-bottom:0px !important;margin-left:0px !important;}@media screen and (min-width:690px){.stk-8745e08 {flex:var(--stk-flex-grow, 1) 1 calc(33.333333333333336% - var(--stk-column-gap, 0px) * 2 \/ 3 ) !important;}}@media screen and (min-width:690px) and (max-width:999px){.stk-8745e08 {flex:var(--stk-flex-grow, 1) 1 calc(30% - var(--stk-column-gap, 0px) * 2 \/ 3 ) !important;}}<\/style><div class=\"stk-column-wrapper stk-block-column__content stk-container stk-8745e08-container stk--no-background stk--no-padding\"><div class=\"stk-block-content stk-inner-blocks stk-8745e08-inner-blocks\">\n<div class=\"wp-block-stackable-button-group stk-block-button-group stk-block stk-800b490\" data-block-id=\"800b490\"><style>.stk-800b490 .stk-inner-blocks{column-gap:20px !important;row-gap:20px !important;}<\/style><div class=\"stk-row stk-inner-blocks has-text-align-right has-text-align-center-mobile stk-block-content stk-button-group\">\n<div class=\"wp-block-stackable-button stk-block-button stk-block stk-dfedefa stk--has-lightbox\" data-block-id=\"dfedefa\"><style>.stk-dfedefa {margin-top:0px !important;margin-right:0px !important;margin-bottom:0px !important;margin-left:0px !important;}.stk-dfedefa .stk-button{padding-top:16px !important;padding-right:35px !important;padding-bottom:16px !important;padding-left:35px !important;background:#568c59 !important;}.stk-dfedefa .stk-button:hover:after{background:var(--theme-palette-color-3, #0a2117) !important;opacity:1 !important;}.stk-dfedefa .stk-button .stk--inner-svg svg:last-child{margin-inline-start:8px !important;}.stk-dfedefa .stk-button__inner-text{font-size:18px !important;font-weight:500 !important;}@media screen and (max-width:999px){.stk-dfedefa .stk-button__inner-text{font-size:18px !important;}}<\/style><a class=\"stk-link stk-button\" href=\"https:\/\/app.recurrente.com\/s\/bdesh-guatemala\/pay_fij4wh4w\" target=\"_blank\" rel=\"noreferrer noopener\"><span class=\"stk-button__inner-text\">Donar<\/span><\/a><\/div>\n<\/div><\/div>\n<\/div><\/div><\/div>\n<\/div><\/div>\n\n\n\n<div class=\"wp-block-stackable-heading stk-block-heading stk-block-heading--v2 stk-block stk-513250f\" id=\"dona-al-numero-de-cuenta-monetaria-bdesh-gtm-ong-banco-g-amp-t-continental-no-070-0007028-4\" data-block-id=\"513250f\"><style>.stk-513250f {min-height:var(--stk--preset--block-height--x-small, 4rem) !important;}<\/style><h3 class=\"stk-block-heading__text has-text-align-center\">  dona al n\u00famero de cuenta monetaria bdesh gtm ong                                                                                                                                                      banco g&amp;t continental No. 070-0007028-4 <\/h3><\/div>\n\n\n\n<p><\/p>\n","protected":false},"excerpt":{"rendered":"<p>contacta con bdesh guatemala direcci\u00f3n Palencia Email bdeshguatemala@gmail.com tel\u00e9fono +502 4532 9130 ayuda para que ayudemos Donar dona al n\u00famero de cuenta monetaria bdesh gtm ong banco g&amp;t continental No. 070-0007028-4<\/p>\n","protected":false},"author":1,"featured_media":0,"parent":0,"menu_order":0,"comment_status":"closed","ping_status":"closed","template":"","meta":{"_gspb_post_css":"","_kadence_starter_templates_imported_post":false,"footnotes":""},"class_list":["post-3273","page","type-page","status-publish","hentry"],"blocksy_meta":{"disable_header":"no","disable_footer":"no"},"_hostinger_reach_plugin_has_subscription_block":false,"_hostinger_reach_plugin_is_elementor":false,"brizy_media":[],"_links":{"self":[{"href":"https:\/\/bdeshguatemala.org\/es\/wp-json\/wp\/v2\/pages\/3273","targetHints":{"allow":["GET"]}}],"collection":[{"href":"https:\/\/bdeshguatemala.org\/es\/wp-json\/wp\/v2\/pages"}],"about":[{"href":"https:\/\/bdeshguatemala.org\/es\/wp-json\/wp\/v2\/types\/page"}],"author":[{"embeddable":true,"href":"https:\/\/bdeshguatemala.org\/es\/wp-json\/wp\/v2\/users\/1"}],"replies":[{"embeddable":true,"href":"https:\/\/bdeshguatemala.org\/es\/wp-json\/wp\/v2\/comments?post=3273"}],"version-history":[{"count":12,"href":"https:\/\/bdeshguatemala.org\/es\/wp-json\/wp\/v2\/pages\/3273\/revisions"}],"predecessor-version":[{"id":3443,"href":"https:\/\/bdeshguatemala.org\/es\/wp-json\/wp\/v2\/pages\/3273\/revisions\/3443"}],"wp:attachment":[{"href":"https:\/\/bdeshguatemala.org\/es\/wp-json\/wp\/v2\/media?parent=3273"}],"curies":[{"name":"wp","href":"https:\/\/api.w.org\/{rel}","templated":true}]}}